{"id":796,"date":"2024-02-19T16:10:31","date_gmt":"2024-02-19T16:10:31","guid":{"rendered":"https:\/\/quartierdelapoya.ch\/formulaire\/?page_id=796"},"modified":"2024-07-01T07:01:24","modified_gmt":"2024-07-01T07:01:24","slug":"die-nachrichten","status":"publish","type":"page","link":"https:\/\/quartierdelapoya.ch\/de\/die-nachrichten\/","title":{"rendered":"Die Nachrichten"},"content":{"rendered":"<div class=\"wpb-content-wrapper\"><p>[vc_row el_class=&#8220;pt-15 pb-30&#8243;][vc_column][vc_row_inner el_class=&#8220;introduction&#8220;][vc_column_inner][vc_single_image image=&#8220;198&#8243; img_size=&#8220;full&#8220; alignment=&#8220;center&#8220; el_class=&#8220;img-icone&#8220;][vc_column_text]<\/p>\n<h2 style=\"text-align: center;\">Die Nachrichten<\/h2>\n<p>[\/vc_column_text][\/vc_column_inner][\/vc_row_inner][\/vc_column][\/vc_row][vc_row full_width=&#8220;stretch_row_content&#8220; el_class=&#8220;pt-0 pb-0 background-gray no-before slider-container&#8220;][vc_column]<div class='slider'><div class='carousel-cell' style='background-image: url(https:\/\/quartierdelapoya.ch\/wp-content\/uploads\/2024\/02\/slider-actus_01.jpg)'><\/div><div class='carousel-cell' style='background-image: url(https:\/\/quartierdelapoya.ch\/wp-content\/uploads\/2024\/02\/slider-actus_02.jpg)'><\/div><\/div>[\/vc_column][\/vc_row][vc_row full_width=&#8220;stretch_row&#8220; el_class=&#8220;background-gray intro&#8220;][vc_column]<div class='news'><div class='row'><div class='col-xl-3 col-12'><div class='news--news'><div class='news--news-image' style='background-image: url(https:\/\/quartierdelapoya.ch\/wp-content\/uploads\/2026\/04\/14285_ETAT_DE_FRIBOURG_Actualite_Camping_WEB.jpg);'><\/div><div class='news--news-date'>24 April 2026<\/div><div class='news--news-content'><p><strong>Ein Pop-up-Campingplatz zur Eishockey-WM auf dem Poya-Areal!<\/strong><\/p>Anl\u00e4sslich der Eishockey-Weltmeisterschaft 2026 entsteht im Poya-Quartier ein Pop-up-Campingplatz, um Fans und Besucher in einer geselligen Atmosph\u00e4re willkommen zu heissen.<br \/>\r\n<br \/>\r\nEr liegt nur 300 Meter von der BCF Arena entfernt und ist somit ein i...<\/div><div class='news--news-button'><a href='https:\/\/quartierdelapoya.ch\/de\/ein-pop-up-campingplatz-zur-eishockey-wm-auf-dem-poya-areal\/'>> Mehr dazu<\/a><\/div><\/div><\/div><div class='col-xl-3 col-12'><div class='news--news'><div class='news--news-image' style='background-image: url(https:\/\/quartierdelapoya.ch\/wp-content\/uploads\/2026\/04\/14285_ETAT_DE_FRIBOURG_Actualite_Sculpteur_WEB.jpg);'><\/div><div class='news--news-date'>10 April 2026<\/div><div class='news--news-content'><p><strong>K\u00fcnstler aus dem Poya-Quartier bald bei der Art Paris<\/strong><\/p>In seinem Atelier auf dem Poya-Areal erschafft der Bildhauer Emmanuel Lendenmann eine k\u00fcnstlerische Welt, in der Metall, Licht und Kontraste eine zentrale Rolle spielen. Mit seinen Werken m\u00f6chte er Emotionen wecken und seine ganz pers\u00f6nliche Sicht auf die W...<\/div><div class='news--news-button'><a href='https:\/\/quartierdelapoya.ch\/de\/kuenstler-aus-dem-poya-quartier-bald-bei-der-art-paris\/'>> Mehr dazu<\/a><\/div><\/div><\/div><div class='col-xl-3 col-12'><div class='news--news'><div class='news--news-image' style='background-image: url(https:\/\/quartierdelapoya.ch\/wp-content\/uploads\/2026\/03\/14262_ETAT_DE_FRIBOURG_La_Poya_Foodtruck_WEB.jpg);'><\/div><div class='news--news-date'>17 M\u00e4rz 2026<\/div><div class='news--news-content'><p><strong>Dienstags liegt im La Poya der Duft von Tacos in der Luft!<\/strong><\/p><strong>Jeden Dienstag von 11.30 bis 15.00 Uhr macht der Foodtruck Taqueria Don Vegas auf dem Poya-Areal Halt, um eure Mittagspause zu bereichern.<\/strong><br \/>\r\n<br \/>\r\nAuf der Speisekarte: Quesadillas, Quesa-Birria, Tacos Barbacoa, Cochinita al Pastor sowie...<\/div><div class='news--news-button'><a href='https:\/\/quartierdelapoya.ch\/de\/dienstags-liegt-im-la-poya-der-duft-von-tacos-in-der-luft\/'>> Mehr dazu<\/a><\/div><\/div><\/div><div class='col-xl-3 col-12'><div class='news--news'><div class='news--news-image' style='background-image: url(https:\/\/quartierdelapoya.ch\/wp-content\/uploads\/2025\/06\/13924_ETAT_DE_FRIBOURG_Patinoire_annonces_SITE_DE.jpg);'><\/div><div class='news--news-date'>04 Juni 2025<\/div><div class='news--news-content'><p><strong>Lust auf Eislaufen diesen Sommer? Das wird cool.<\/strong><\/p><strong>Eine \u00abMini BCF Arena\u00bb anl\u00e4sslich der Eishockey-Weltmeisterschaft 2026<\/strong><br \/>\r\n<br \/>\r\nDiesen Sommer kommt die k\u00fcnstliche Eisbahn nach La Poya. Gratis. F\u00fcr alle.<br \/>\r\nIhr k\u00f6nnt \u00fcbers Eis gleiten, euch ausprobieren, lachen.<br \/>\r\n<br \/>...<\/div><div class='news--news-button'><a href='https:\/\/quartierdelapoya.ch\/de\/lust-auf-eislaufen-diesen-sommer-das-wird-cool\/'>> Mehr dazu<\/a><\/div><\/div><\/div><div class='col-xl-3 col-12'><div class='news--news'><div class='news--news-image' style='background-image: url(https:\/\/quartierdelapoya.ch\/wp-content\/uploads\/2024\/11\/13680_ETAT_DE_FRIBOURG_Quartier_Poya_Communication_510x510_DE.jpg);'><\/div><div class='news--news-date'>28 November 2024<\/div><div class='news--news-content'><p><strong>Weihnachtszauber im Poya Quartier!<\/strong><\/p><strong>Mittwoch, 4. Dezember, von 16 bis 18.30 Uhr<\/strong><br \/>\r\n<br \/>\r\nErlebt den riesigen Adventskalender und trefft den Weihnachtsmann per Video!<br \/>\r\n<br \/>\r\n\u2013 Gratis Weihnachtssnack<br \/>\r\n\u2013 Lebkuchen-Deko und s\u00fcsse Spiessli<br \/>\r\n\u2013 Weihnach...<\/div><div class='news--news-button'><a href='https:\/\/quartierdelapoya.ch\/de\/rendez-vous-de-noel-a-la-poya\/'>> Mehr dazu<\/a><\/div><\/div><\/div><div class='col-xl-3 col-12'><div class='news--news'><div class='news--news-image' style='background-image: url(https:\/\/quartierdelapoya.ch\/wp-content\/uploads\/2024\/09\/news-image-tour-vagabonde.gif);'><\/div><div class='news--news-date'>02 September 2024<\/div><div class='news--news-content'><p><strong>Die Tour Vagabonde kehrt nach Freiburg zur\u00fcck!<\/strong><\/p><strong>Wir sehen uns am 13. und 14. September zur gro\u00dfen Er\u00f6ffnungsfeier!<\/strong><br \/>\r\n<br \/>\r\nNach zwei Jahren Abwesenheit zieht sie f\u00fcr mehrere Jahre in die ehemalige Poya-Kaserne.<br \/>\r\n<br \/>\r\nSie werden seine kitschigen Kronleuchter, knarrenden Bo...<\/div><div class='news--news-button'><a href='https:\/\/quartierdelapoya.ch\/de\/die-tour-vagabonde-kehrt-nach-freiburg-zurueck\/'>> Mehr dazu<\/a><\/div><\/div><\/div><div class='col-xl-3 col-12'><div class='news--news'><div class='news--news-image' style='background-image: url(https:\/\/quartierdelapoya.ch\/wp-content\/uploads\/2024\/05\/verticales-rework9-1000x-q80.jpg);'><\/div><div class='news--news-date'>29 Mai 2024<\/div><div class='news--news-content'><p><strong>Festival Belluard Bollwerk<\/strong><\/p><strong>Freitag, 28. bis Sonntag, 30. Juni 2024,<\/strong><br \/>\r\n<strong> Poya-Kaserne.<\/strong><br \/>\r\n<br \/>\r\nTANIA EL KHOURY &amp; ZIAD ABU-RISHLB\/PS.<br \/>\r\nThe Search for Power.<br \/>\r\nInstallation &amp; Performance.<\/div><div class='news--news-button'><a href='https:\/\/quartierdelapoya.ch\/de\/festival-belluard-bollwerk\/'>> Mehr dazu<\/a><\/div><\/div><\/div><div class='col-xl-3 col-12'><div class='news--news'><div class='news--news-image' style='background-image: url(https:\/\/quartierdelapoya.ch\/wp-content\/uploads\/2024\/04\/news-image-21mars2024.jpg);'><\/div><div class='news--news-date'>21 M\u00e4rz 2024<\/div><div class='news--news-content'><p><strong>Partizipativer Ansatz des Poya-Viertels<\/strong><\/p>Rund 120 Personen nahmen am 21. M\u00e4rz 2024 an einem \"partizipativen Prozess\" \u00fcber das zuk\u00fcnftige Poya-Viertel teil.<br \/>\r\n<br \/>\r\n&nbsp;<br \/>\r\n<br \/>\r\n<strong>R\u00fcckblick auf die Mitwirkungsversammlung, den 21. M\u00e4rz 2024.<\/strong><br \/>\r\n<br \/>\r\nDer \u00dcberg...<\/div><div class='news--news-button'><a href='https:\/\/quartierdelapoya.ch\/de\/partizipativer-ansatz-des-poya-viertels\/'>> Mehr dazu<\/a><\/div><\/div><\/div><div class='col-xl-3 col-12'><div class='news--news'><div class='news--news-image' style='background-image: url(https:\/\/quartierdelapoya.ch\/wp-content\/uploads\/2024\/02\/news-image-22fevrier2024.jpg);'><\/div><div class='news--news-date'>22 Februar 2024<\/div><div class='news--news-content'><p><strong>Die ersten symbolischen Zangenschl\u00e4ge<\/strong><\/p>Staatsrat Jean-Fran\u00e7ois Steiert und Gemeinderat Elias Moussa setzten den symbolischen ersten Zapfenstreich.<br \/>\r\n<br \/>\r\nEr weist darauf hin, dass das Poya-Gel\u00e4nde in eine \u00dcbergangsphase eintritt: Die Geb\u00e4ude werden in ihrer jetzigen Form erhalten, aber ...<\/div><div class='news--news-button'><a href='https:\/\/quartierdelapoya.ch\/de\/die-ersten-symbolischen-zangenschlaege\/'>> Mehr dazu<\/a><\/div><\/div><\/div><div class='col-xl-3 col-12'><div class='news--news'><div class='news--news-image' style='background-image: url(https:\/\/quartierdelapoya.ch\/wp-content\/uploads\/2023\/12\/news-image-13decembre2023.jpg);'><\/div><div class='news--news-date'>13 Dezember 2023<\/div><div class='news--news-content'><p><strong>Die Veranstaltung \"Rendez-vous Poya\"<\/strong><\/p>Der \u00dcbergang dieses Standorts vom Bund zum Staat Freiburg wurde im Hof der Kaserne gefeiert, der sich damit zum ersten Mal f\u00fcr die Zivilbev\u00f6lkerung \u00f6ffnete. Die Zeremonie fand am 13. Dezember 2023 statt.<br \/>\r\n<br \/>\r\nAn der offiziellen Zeremonie nahmen u...<\/div><div class='news--news-button'><a href='https:\/\/quartierdelapoya.ch\/de\/die-veranstaltung-rendez-vous-poya\/'>> Mehr dazu<\/a><\/div><\/div><\/div><\/div><\/div>[\/vc_column][\/vc_row]<\/p>\n<\/div>","protected":false},"excerpt":{"rendered":"<p>[vc_row el_class=&#8220;pt-15 pb-30&#8243;][vc_column][vc_row_inner el_class=&#8220;introduction&#8220;][vc_column_inner][vc_single_image image=&#8220;198&#8243; img_size=&#8220;full&#8220; alignment=&#8220;center&#8220; el_class=&#8220;img-icone&#8220;][vc_column_text] Die Nachrichten [\/vc_column_text][\/vc_column_inner][\/vc_row_inner][\/vc_column][\/vc_row][vc_row full_width=&#8220;stretch_row_content&#8220; el_class=&#8220;pt-0 pb-0 background-gray no-before slider-container&#8220;][vc_column][\/vc_column][\/vc_row][vc_row full_width=&#8220;stretch_row&#8220; el_class=&#8220;background-gray intro&#8220;][vc_column][\/vc_column][\/vc_row]<\/p>\n","protected":false},"author":2,"featured_media":0,"parent":0,"menu_order":4,"comment_status":"closed","ping_status":"closed","template":"","meta":{"_acf_changed":false,"footnotes":""},"class_list":["post-796","page","type-page","status-publish","hentry"],"acf":[],"yoast_head":"<!-- This site is optimized with the Yoast SEO plugin v24.3 - https:\/\/yoast.com\/wordpress\/plugins\/seo\/ -->\n<title>Die Nachrichten &#8226; Staat Freiburg &#8226; Das Poya-Viertel<\/title>\n<meta name=\"description\" content=\"Auf dieser Seite finden Sie alle aktuellen Nachrichten, Veranstaltungen und Informationen \u00fcber die Zukunft des Poya-Viertels in Freiburg.\" \/>\n<meta name=\"robots\" content=\"index, follow, max-snippet:-1, max-image-preview:large, max-video-preview:-1\" \/>\n<link rel=\"canonical\" href=\"https:\/\/quartierdelapoya.ch\/de\/die-nachrichten\/\" \/>\n<meta property=\"og:locale\" content=\"de_DE\" \/>\n<meta property=\"og:type\" content=\"article\" \/>\n<meta property=\"og:title\" content=\"Die Nachrichten &#8226; Staat Freiburg &#8226; Das Poya-Viertel\" \/>\n<meta property=\"og:description\" content=\"Auf dieser Seite finden Sie alle aktuellen Nachrichten, Veranstaltungen und Informationen \u00fcber die Zukunft des Poya-Viertels in Freiburg.\" \/>\n<meta property=\"og:url\" content=\"https:\/\/quartierdelapoya.ch\/de\/die-nachrichten\/\" \/>\n<meta property=\"og:site_name\" content=\"Quartier de la Poya\" \/>\n<meta property=\"article:modified_time\" content=\"2024-07-01T07:01:24+00:00\" \/>\n<meta property=\"og:image\" content=\"https:\/\/quartierdelapoya.ch\/wp-content\/uploads\/2024\/03\/POYA_SEO_img.jpg\" \/>\n\t<meta property=\"og:image:width\" content=\"1200\" \/>\n\t<meta property=\"og:image:height\" content=\"675\" \/>\n\t<meta property=\"og:image:type\" content=\"image\/jpeg\" \/>\n<meta name=\"twitter:card\" content=\"summary_large_image\" \/>\n<meta name=\"twitter:label1\" content=\"Gesch\u00e4tzte Lesezeit\" \/>\n\t<meta name=\"twitter:data1\" content=\"1\u00a0Minute\" \/>\n<script type=\"application\/ld+json\" class=\"yoast-schema-graph\">{\"@context\":\"https:\/\/schema.org\",\"@graph\":[{\"@type\":\"WebPage\",\"@id\":\"https:\/\/quartierdelapoya.ch\/de\/die-nachrichten\/\",\"url\":\"https:\/\/quartierdelapoya.ch\/de\/die-nachrichten\/\",\"name\":\"Die Nachrichten &#8226; Staat Freiburg &#8226; Das Poya-Viertel\",\"isPartOf\":{\"@id\":\"https:\/\/quartierdelapoya.ch\/#website\"},\"datePublished\":\"2024-02-19T16:10:31+00:00\",\"dateModified\":\"2024-07-01T07:01:24+00:00\",\"description\":\"Auf dieser Seite finden Sie alle aktuellen Nachrichten, Veranstaltungen und Informationen \u00fcber die Zukunft des Poya-Viertels in Freiburg.\",\"breadcrumb\":{\"@id\":\"https:\/\/quartierdelapoya.ch\/de\/die-nachrichten\/#breadcrumb\"},\"inLanguage\":\"de\",\"potentialAction\":[{\"@type\":\"ReadAction\",\"target\":[\"https:\/\/quartierdelapoya.ch\/de\/die-nachrichten\/\"]}]},{\"@type\":\"BreadcrumbList\",\"@id\":\"https:\/\/quartierdelapoya.ch\/de\/die-nachrichten\/#breadcrumb\",\"itemListElement\":[{\"@type\":\"ListItem\",\"position\":1,\"name\":\"Accueil\",\"item\":\"https:\/\/quartierdelapoya.ch\/de\/\"},{\"@type\":\"ListItem\",\"position\":2,\"name\":\"Die Nachrichten\"}]},{\"@type\":\"WebSite\",\"@id\":\"https:\/\/quartierdelapoya.ch\/#website\",\"url\":\"https:\/\/quartierdelapoya.ch\/\",\"name\":\"Quartier de la Poya\",\"description\":\"R\u00e9inventons ensemble la Poya!\",\"publisher\":{\"@id\":\"https:\/\/quartierdelapoya.ch\/#organization\"},\"potentialAction\":[{\"@type\":\"SearchAction\",\"target\":{\"@type\":\"EntryPoint\",\"urlTemplate\":\"https:\/\/quartierdelapoya.ch\/?s={search_term_string}\"},\"query-input\":{\"@type\":\"PropertyValueSpecification\",\"valueRequired\":true,\"valueName\":\"search_term_string\"}}],\"inLanguage\":\"de\"},{\"@type\":\"Organization\",\"@id\":\"https:\/\/quartierdelapoya.ch\/#organization\",\"name\":\"Quartier de la Poya\",\"url\":\"https:\/\/quartierdelapoya.ch\/\",\"logo\":{\"@type\":\"ImageObject\",\"inLanguage\":\"de\",\"@id\":\"https:\/\/quartierdelapoya.ch\/#\/schema\/logo\/image\/\",\"url\":\"https:\/\/quartierdelapoya.ch\/wp-content\/uploads\/2024\/03\/LOGO_Etat-Fribourg.png\",\"contentUrl\":\"https:\/\/quartierdelapoya.ch\/wp-content\/uploads\/2024\/03\/LOGO_Etat-Fribourg.png\",\"width\":696,\"height\":696,\"caption\":\"Quartier de la Poya\"},\"image\":{\"@id\":\"https:\/\/quartierdelapoya.ch\/#\/schema\/logo\/image\/\"}}]}<\/script>\n<!-- \/ Yoast SEO plugin. -->","yoast_head_json":{"title":"Die Nachrichten &#8226; Staat Freiburg &#8226; Das Poya-Viertel","description":"Auf dieser Seite finden Sie alle aktuellen Nachrichten, Veranstaltungen und Informationen \u00fcber die Zukunft des Poya-Viertels in Freiburg.","robots":{"index":"index","follow":"follow","max-snippet":"max-snippet:-1","max-image-preview":"max-image-preview:large","max-video-preview":"max-video-preview:-1"},"canonical":"https:\/\/quartierdelapoya.ch\/de\/die-nachrichten\/","og_locale":"de_DE","og_type":"article","og_title":"Die Nachrichten &#8226; Staat Freiburg &#8226; Das Poya-Viertel","og_description":"Auf dieser Seite finden Sie alle aktuellen Nachrichten, Veranstaltungen und Informationen \u00fcber die Zukunft des Poya-Viertels in Freiburg.","og_url":"https:\/\/quartierdelapoya.ch\/de\/die-nachrichten\/","og_site_name":"Quartier de la Poya","article_modified_time":"2024-07-01T07:01:24+00:00","og_image":[{"width":1200,"height":675,"url":"https:\/\/quartierdelapoya.ch\/wp-content\/uploads\/2024\/03\/POYA_SEO_img.jpg","type":"image\/jpeg"}],"twitter_card":"summary_large_image","twitter_misc":{"Gesch\u00e4tzte Lesezeit":"1\u00a0Minute"},"schema":{"@context":"https:\/\/schema.org","@graph":[{"@type":"WebPage","@id":"https:\/\/quartierdelapoya.ch\/de\/die-nachrichten\/","url":"https:\/\/quartierdelapoya.ch\/de\/die-nachrichten\/","name":"Die Nachrichten &#8226; Staat Freiburg &#8226; Das Poya-Viertel","isPartOf":{"@id":"https:\/\/quartierdelapoya.ch\/#website"},"datePublished":"2024-02-19T16:10:31+00:00","dateModified":"2024-07-01T07:01:24+00:00","description":"Auf dieser Seite finden Sie alle aktuellen Nachrichten, Veranstaltungen und Informationen \u00fcber die Zukunft des Poya-Viertels in Freiburg.","breadcrumb":{"@id":"https:\/\/quartierdelapoya.ch\/de\/die-nachrichten\/#breadcrumb"},"inLanguage":"de","potentialAction":[{"@type":"ReadAction","target":["https:\/\/quartierdelapoya.ch\/de\/die-nachrichten\/"]}]},{"@type":"BreadcrumbList","@id":"https:\/\/quartierdelapoya.ch\/de\/die-nachrichten\/#breadcrumb","itemListElement":[{"@type":"ListItem","position":1,"name":"Accueil","item":"https:\/\/quartierdelapoya.ch\/de\/"},{"@type":"ListItem","position":2,"name":"Die Nachrichten"}]},{"@type":"WebSite","@id":"https:\/\/quartierdelapoya.ch\/#website","url":"https:\/\/quartierdelapoya.ch\/","name":"Quartier de la Poya","description":"R\u00e9inventons ensemble la Poya!","publisher":{"@id":"https:\/\/quartierdelapoya.ch\/#organization"},"potentialAction":[{"@type":"SearchAction","target":{"@type":"EntryPoint","urlTemplate":"https:\/\/quartierdelapoya.ch\/?s={search_term_string}"},"query-input":{"@type":"PropertyValueSpecification","valueRequired":true,"valueName":"search_term_string"}}],"inLanguage":"de"},{"@type":"Organization","@id":"https:\/\/quartierdelapoya.ch\/#organization","name":"Quartier de la Poya","url":"https:\/\/quartierdelapoya.ch\/","logo":{"@type":"ImageObject","inLanguage":"de","@id":"https:\/\/quartierdelapoya.ch\/#\/schema\/logo\/image\/","url":"https:\/\/quartierdelapoya.ch\/wp-content\/uploads\/2024\/03\/LOGO_Etat-Fribourg.png","contentUrl":"https:\/\/quartierdelapoya.ch\/wp-content\/uploads\/2024\/03\/LOGO_Etat-Fribourg.png","width":696,"height":696,"caption":"Quartier de la Poya"},"image":{"@id":"https:\/\/quartierdelapoya.ch\/#\/schema\/logo\/image\/"}}]}},"_links":{"self":[{"href":"https:\/\/quartierdelapoya.ch\/de\/wp-json\/wp\/v2\/pages\/796","targetHints":{"allow":["GET"]}}],"collection":[{"href":"https:\/\/quartierdelapoya.ch\/de\/wp-json\/wp\/v2\/pages"}],"about":[{"href":"https:\/\/quartierdelapoya.ch\/de\/wp-json\/wp\/v2\/types\/page"}],"author":[{"embeddable":true,"href":"https:\/\/quartierdelapoya.ch\/de\/wp-json\/wp\/v2\/users\/2"}],"replies":[{"embeddable":true,"href":"https:\/\/quartierdelapoya.ch\/de\/wp-json\/wp\/v2\/comments?post=796"}],"version-history":[{"count":7,"href":"https:\/\/quartierdelapoya.ch\/de\/wp-json\/wp\/v2\/pages\/796\/revisions"}],"predecessor-version":[{"id":875,"href":"https:\/\/quartierdelapoya.ch\/de\/wp-json\/wp\/v2\/pages\/796\/revisions\/875"}],"wp:attachment":[{"href":"https:\/\/quartierdelapoya.ch\/de\/wp-json\/wp\/v2\/media?parent=796"}],"curies":[{"name":"wp","href":"https:\/\/api.w.org\/{rel}","templated":true}]}}