{"id":790,"date":"2024-02-19T08:33:07","date_gmt":"2024-02-19T08:33:07","guid":{"rendered":"https:\/\/quartierdelapoya.ch\/formulaire\/?page_id=790"},"modified":"2024-07-15T13:31:49","modified_gmt":"2024-07-15T13:31:49","slug":"morgen","status":"publish","type":"page","link":"https:\/\/quartierdelapoya.ch\/de\/morgen\/","title":{"rendered":"Morgen"},"content":{"rendered":"<div class=\"wpb-content-wrapper\"><p>[vc_row el_class=&#8220;pt-15 pb-30&#8243;][vc_column][vc_row_inner el_class=&#8220;introduction&#8220;][vc_column_inner][vc_single_image image=&#8220;198&#8243; img_size=&#8220;full&#8220; alignment=&#8220;center&#8220; el_class=&#8220;img-icone&#8220;][vc_column_text]<\/p>\n<h2 style=\"text-align: center;\">Die Zukunft des Poya-Viertels<\/h2>\n<p>[\/vc_column_text][\/vc_column_inner][\/vc_row_inner][\/vc_column][\/vc_row][vc_row full_width=&#8220;stretch_row_content&#8220; el_class=&#8220;pt-0 pb-0 background-gray no-before slider-container&#8220;][vc_column]<div class='slider'><div class='carousel-cell' style='background-image: url(https:\/\/quartierdelapoya.ch\/wp-content\/uploads\/2024\/02\/slider-demain-1.jpg)'><\/div><div class='carousel-cell' style='background-image: url(https:\/\/quartierdelapoya.ch\/wp-content\/uploads\/2024\/02\/slider-demain-2.jpg)'><\/div><div class='carousel-cell' style='background-image: url(https:\/\/quartierdelapoya.ch\/wp-content\/uploads\/2024\/02\/slider-demain-3.jpg)'><\/div><div class='carousel-cell' style='background-image: url(https:\/\/quartierdelapoya.ch\/wp-content\/uploads\/2024\/02\/slider-demain-4.jpg)'><\/div><div class='carousel-cell' style='background-image: url(https:\/\/quartierdelapoya.ch\/wp-content\/uploads\/2024\/02\/slider-demain-5.jpg)'><\/div><\/div>[\/vc_column][\/vc_row][vc_row full_width=&#8220;stretch_row&#8220; el_class=&#8220;background-gray intro&#8220;][vc_column][vc_row_inner][vc_column_inner width=&#8220;3\/12&#8243;][\/vc_column_inner][vc_column_inner width=&#8220;6\/12&#8243;]<div class='separateur'><\/div>[vc_column_text][\/vc_column_text][\/vc_column_inner][vc_column_inner width=&#8220;3\/12&#8243;][\/vc_column_inner][\/vc_row_inner][\/vc_column][\/vc_row][vc_row full_width=&#8220;stretch_row&#8220; el_class=&#8220;pt-110 background-braun&#8220;][vc_column][vc_row_inner][vc_column_inner width=&#8220;2\/12&#8243;][\/vc_column_inner][vc_column_inner width=&#8220;8\/12&#8243;][vc_column_text]<\/p>\n<h2 style=\"text-align: center;\">Ergebnis der partizipativen Ans\u00e4tze<\/h2>\n<p style=\"text-align: center;\"><a class=\"button big\" href=\"https:\/\/quartierdelapoya.ch\/wp-content\/uploads\/2024\/05\/05_Demarche-participative-Restitution_ABA.pdf\" target=\"_blank\" rel=\"noopener\">R\u00fcckblick auf den partizipativen Ansatz vom 21. M\u00e4rz 2024<\/a><\/p>\n<p>[\/vc_column_text][\/vc_column_inner][vc_column_inner width=&#8220;2\/12&#8243;][\/vc_column_inner][\/vc_row_inner][vc_row_inner][vc_column_inner width=&#8220;1\/12&#8243;][\/vc_column_inner][vc_column_inner width=&#8220;5\/12&#8243;][\/vc_column_inner][vc_column_inner width=&#8220;5\/12&#8243;][\/vc_column_inner][vc_column_inner width=&#8220;1\/12&#8243;][\/vc_column_inner][\/vc_row_inner][\/vc_column][\/vc_row][vc_row][vc_column][vc_row_inner][vc_column_inner width=&#8220;1\/4&#8243;][vc_column_text]<\/p>\n<h2>Galerie<\/h2>\n<p>[\/vc_column_text][\/vc_column_inner][vc_column_inner width=&#8220;1\/4&#8243;]<div class='galerie'><div class='row'><div class='col-xl-12'><div class='galerie-image'><a href='https:\/\/quartierdelapoya.ch\/wp-content\/uploads\/2024\/02\/IMG_0966.jpg' data-fancybox='gallery-1' data-caption='\u00abRendez-vous Poya\u00bb, 13. Dezember 2023'><img src='https:\/\/quartierdelapoya.ch\/wp-content\/uploads\/2024\/02\/IMG_0966.jpg' \/><\/a><a href='https:\/\/quartierdelapoya.ch\/wp-content\/uploads\/2024\/02\/IMG_0956-1.jpg' data-fancybox='gallery-1' data-caption='\u00abRendez-vous Poya\u00bb, 13. Dezember 2023'><img src='https:\/\/quartierdelapoya.ch\/wp-content\/uploads\/2024\/02\/IMG_0956-1.jpg' style='display: none;' \/><\/a><a href='https:\/\/quartierdelapoya.ch\/wp-content\/uploads\/2024\/02\/IMG_0961.jpg' data-fancybox='gallery-1' data-caption='\u00abRendez-vous Poya\u00bb, 13. Dezember 2023'><img src='https:\/\/quartierdelapoya.ch\/wp-content\/uploads\/2024\/02\/IMG_0961.jpg' style='display: none;' \/><\/a><a href='https:\/\/quartierdelapoya.ch\/wp-content\/uploads\/2024\/02\/IMG_0960.jpg' data-fancybox='gallery-1' data-caption='\u00abRendez-vous Poya\u00bb, 13. Dezember 2023'><img src='https:\/\/quartierdelapoya.ch\/wp-content\/uploads\/2024\/02\/IMG_0960.jpg' style='display: none;' \/><\/a><a href='https:\/\/quartierdelapoya.ch\/wp-content\/uploads\/2024\/02\/IMG_0959.jpg' data-fancybox='gallery-1' data-caption='\u00abRendez-vous Poya\u00bb, 13. Dezember 2023'><img src='https:\/\/quartierdelapoya.ch\/wp-content\/uploads\/2024\/02\/IMG_0959.jpg' style='display: none;' \/><\/a><a href='https:\/\/quartierdelapoya.ch\/wp-content\/uploads\/2024\/02\/IMG_0970.jpg' data-fancybox='gallery-1' data-caption='\u00abRendez-vous Poya\u00bb, 13. Dezember 2023'><img src='https:\/\/quartierdelapoya.ch\/wp-content\/uploads\/2024\/02\/IMG_0970.jpg' style='display: none;' \/><\/a><a href='https:\/\/quartierdelapoya.ch\/wp-content\/uploads\/2024\/02\/IMG_0969.jpg' data-fancybox='gallery-1' data-caption='\u00abRendez-vous Poya\u00bb, 13. Dezember 2023'><img src='https:\/\/quartierdelapoya.ch\/wp-content\/uploads\/2024\/02\/IMG_0969.jpg' style='display: none;' \/><\/a><a href='https:\/\/quartierdelapoya.ch\/wp-content\/uploads\/2024\/02\/IMG_0971.jpg' data-fancybox='gallery-1' data-caption='\u00abRendez-vous Poya\u00bb, 13. Dezember 2023'><img src='https:\/\/quartierdelapoya.ch\/wp-content\/uploads\/2024\/02\/IMG_0971.jpg' style='display: none;' \/><\/a><a href='https:\/\/quartierdelapoya.ch\/wp-content\/uploads\/2024\/02\/IMG_0958.jpg' data-fancybox='gallery-1' data-caption='\u00abRendez-vous Poya\u00bb, 13. Dezember 2023'><img src='https:\/\/quartierdelapoya.ch\/wp-content\/uploads\/2024\/02\/IMG_0958.jpg' style='display: none;' \/><\/a><a href='https:\/\/quartierdelapoya.ch\/wp-content\/uploads\/2024\/02\/IMG_0957-1.jpg' data-fancybox='gallery-1' data-caption='\u00abRendez-vous Poya\u00bb, 13. Dezember 2023'><img src='https:\/\/quartierdelapoya.ch\/wp-content\/uploads\/2024\/02\/IMG_0957-1.jpg' style='display: none;' \/><\/a><\/div><div class='galerie-titre'>\u00abRendez-vous Poya\u00bb, 13. Dezember 2023<\/div><\/div><\/div><\/div>[\/vc_column_inner][vc_column_inner width=&#8220;1\/4&#8243;][\/vc_column_inner][vc_column_inner width=&#8220;1\/4&#8243;][\/vc_column_inner][\/vc_row_inner][\/vc_column][\/vc_row]<\/p>\n<\/div>","protected":false},"excerpt":{"rendered":"<p>[vc_row el_class=&#8220;pt-15 pb-30&#8243;][vc_column][vc_row_inner el_class=&#8220;introduction&#8220;][vc_column_inner][vc_single_image image=&#8220;198&#8243; img_size=&#8220;full&#8220; alignment=&#8220;center&#8220; el_class=&#8220;img-icone&#8220;][vc_column_text] Die Zukunft des Poya-Viertels [\/vc_column_text][\/vc_column_inner][\/vc_row_inner][\/vc_column][\/vc_row][vc_row full_width=&#8220;stretch_row_content&#8220; el_class=&#8220;pt-0 pb-0 background-gray no-before slider-container&#8220;][vc_column][\/vc_column][\/vc_row][vc_row full_width=&#8220;stretch_row&#8220; el_class=&#8220;background-gray intro&#8220;][vc_column][vc_row_inner][vc_column_inner width=&#8220;3\/12&#8243;][\/vc_column_inner][vc_column_inner width=&#8220;6\/12&#8243;][vc_column_text][\/vc_column_text][\/vc_column_inner][vc_column_inner width=&#8220;3\/12&#8243;][\/vc_column_inner][\/vc_row_inner][\/vc_column][\/vc_row][vc_row full_width=&#8220;stretch_row&#8220; el_class=&#8220;pt-110 background-braun&#8220;][vc_column][vc_row_inner][vc_column_inner width=&#8220;2\/12&#8243;][\/vc_column_inner][vc_column_inner width=&#8220;8\/12&#8243;][vc_column_text] Ergebnis der partizipativen Ans\u00e4tze R\u00fcckblick auf den partizipativen Ansatz vom 21. M\u00e4rz 2024 [\/vc_column_text][\/vc_column_inner][vc_column_inner width=&#8220;2\/12&#8243;][\/vc_column_inner][\/vc_row_inner][vc_row_inner][vc_column_inner width=&#8220;1\/12&#8243;][\/vc_column_inner][vc_column_inner width=&#8220;5\/12&#8243;][\/vc_column_inner][vc_column_inner width=&#8220;5\/12&#8243;][\/vc_column_inner][vc_column_inner width=&#8220;1\/12&#8243;][\/vc_column_inner][\/vc_row_inner][\/vc_column][\/vc_row][vc_row][vc_column][vc_row_inner][vc_column_inner width=&#8220;1\/4&#8243;][vc_column_text] Galerie [\/vc_column_text][\/vc_column_inner][vc_column_inner width=&#8220;1\/4&#8243;][\/vc_column_inner][vc_column_inner width=&#8220;1\/4&#8243;][\/vc_column_inner][vc_column_inner width=&#8220;1\/4&#8243;][\/vc_column_inner][\/vc_row_inner][\/vc_column][\/vc_row]<\/p>\n","protected":false},"author":2,"featured_media":0,"parent":0,"menu_order":3,"comment_status":"closed","ping_status":"closed","template":"","meta":{"_acf_changed":false,"footnotes":""},"class_list":["post-790","page","type-page","status-publish","hentry"],"acf":[],"yoast_head":"<!-- This site is optimized with the Yoast SEO plugin v24.3 - https:\/\/yoast.com\/wordpress\/plugins\/seo\/ -->\n<title>Morgen &#8226; Staat Freiburg &#8226; Das Poya-Viertel<\/title>\n<meta name=\"description\" content=\"Entdecken Sie die Ergebnisse der Partizipativer Prozess sowie die geplanten Projekte f\u00fcr die Zukunft des Poya-Viertels.\" \/>\n<meta name=\"robots\" content=\"index, follow, max-snippet:-1, max-image-preview:large, max-video-preview:-1\" \/>\n<link rel=\"canonical\" href=\"https:\/\/quartierdelapoya.ch\/de\/morgen\/\" \/>\n<meta property=\"og:locale\" content=\"de_DE\" \/>\n<meta property=\"og:type\" content=\"article\" \/>\n<meta property=\"og:title\" content=\"Morgen &#8226; Staat Freiburg &#8226; Das Poya-Viertel\" \/>\n<meta property=\"og:description\" content=\"Entdecken Sie die Ergebnisse der Partizipativer Prozess sowie die geplanten Projekte f\u00fcr die Zukunft des Poya-Viertels.\" \/>\n<meta property=\"og:url\" content=\"https:\/\/quartierdelapoya.ch\/de\/morgen\/\" \/>\n<meta property=\"og:site_name\" content=\"Quartier de la Poya\" \/>\n<meta property=\"article:modified_time\" content=\"2024-07-15T13:31:49+00:00\" \/>\n<meta property=\"og:image\" content=\"https:\/\/quartierdelapoya.ch\/wp-content\/uploads\/2024\/03\/POYA_SEO_img.jpg\" \/>\n\t<meta property=\"og:image:width\" content=\"1200\" \/>\n\t<meta property=\"og:image:height\" content=\"675\" \/>\n\t<meta property=\"og:image:type\" content=\"image\/jpeg\" \/>\n<meta name=\"twitter:card\" content=\"summary_large_image\" \/>\n<meta name=\"twitter:label1\" content=\"Gesch\u00e4tzte Lesezeit\" \/>\n\t<meta name=\"twitter:data1\" content=\"3\u00a0Minuten\" \/>\n<script type=\"application\/ld+json\" class=\"yoast-schema-graph\">{\"@context\":\"https:\/\/schema.org\",\"@graph\":[{\"@type\":\"WebPage\",\"@id\":\"https:\/\/quartierdelapoya.ch\/de\/morgen\/\",\"url\":\"https:\/\/quartierdelapoya.ch\/de\/morgen\/\",\"name\":\"Morgen &#8226; Staat Freiburg &#8226; Das Poya-Viertel\",\"isPartOf\":{\"@id\":\"https:\/\/quartierdelapoya.ch\/#website\"},\"datePublished\":\"2024-02-19T08:33:07+00:00\",\"dateModified\":\"2024-07-15T13:31:49+00:00\",\"description\":\"Entdecken Sie die Ergebnisse der Partizipativer Prozess sowie die geplanten Projekte f\u00fcr die Zukunft des Poya-Viertels.\",\"breadcrumb\":{\"@id\":\"https:\/\/quartierdelapoya.ch\/de\/morgen\/#breadcrumb\"},\"inLanguage\":\"de\",\"potentialAction\":[{\"@type\":\"ReadAction\",\"target\":[\"https:\/\/quartierdelapoya.ch\/de\/morgen\/\"]}]},{\"@type\":\"BreadcrumbList\",\"@id\":\"https:\/\/quartierdelapoya.ch\/de\/morgen\/#breadcrumb\",\"itemListElement\":[{\"@type\":\"ListItem\",\"position\":1,\"name\":\"Accueil\",\"item\":\"https:\/\/quartierdelapoya.ch\/de\/\"},{\"@type\":\"ListItem\",\"position\":2,\"name\":\"Morgen\"}]},{\"@type\":\"WebSite\",\"@id\":\"https:\/\/quartierdelapoya.ch\/#website\",\"url\":\"https:\/\/quartierdelapoya.ch\/\",\"name\":\"Quartier de la Poya\",\"description\":\"R\u00e9inventons ensemble la Poya!\",\"publisher\":{\"@id\":\"https:\/\/quartierdelapoya.ch\/#organization\"},\"potentialAction\":[{\"@type\":\"SearchAction\",\"target\":{\"@type\":\"EntryPoint\",\"urlTemplate\":\"https:\/\/quartierdelapoya.ch\/?s={search_term_string}\"},\"query-input\":{\"@type\":\"PropertyValueSpecification\",\"valueRequired\":true,\"valueName\":\"search_term_string\"}}],\"inLanguage\":\"de\"},{\"@type\":\"Organization\",\"@id\":\"https:\/\/quartierdelapoya.ch\/#organization\",\"name\":\"Quartier de la Poya\",\"url\":\"https:\/\/quartierdelapoya.ch\/\",\"logo\":{\"@type\":\"ImageObject\",\"inLanguage\":\"de\",\"@id\":\"https:\/\/quartierdelapoya.ch\/#\/schema\/logo\/image\/\",\"url\":\"https:\/\/quartierdelapoya.ch\/wp-content\/uploads\/2024\/03\/LOGO_Etat-Fribourg.png\",\"contentUrl\":\"https:\/\/quartierdelapoya.ch\/wp-content\/uploads\/2024\/03\/LOGO_Etat-Fribourg.png\",\"width\":696,\"height\":696,\"caption\":\"Quartier de la Poya\"},\"image\":{\"@id\":\"https:\/\/quartierdelapoya.ch\/#\/schema\/logo\/image\/\"}}]}<\/script>\n<!-- \/ Yoast SEO plugin. -->","yoast_head_json":{"title":"Morgen &#8226; Staat Freiburg &#8226; Das Poya-Viertel","description":"Entdecken Sie die Ergebnisse der Partizipativer Prozess sowie die geplanten Projekte f\u00fcr die Zukunft des Poya-Viertels.","robots":{"index":"index","follow":"follow","max-snippet":"max-snippet:-1","max-image-preview":"max-image-preview:large","max-video-preview":"max-video-preview:-1"},"canonical":"https:\/\/quartierdelapoya.ch\/de\/morgen\/","og_locale":"de_DE","og_type":"article","og_title":"Morgen &#8226; Staat Freiburg &#8226; Das Poya-Viertel","og_description":"Entdecken Sie die Ergebnisse der Partizipativer Prozess sowie die geplanten Projekte f\u00fcr die Zukunft des Poya-Viertels.","og_url":"https:\/\/quartierdelapoya.ch\/de\/morgen\/","og_site_name":"Quartier de la Poya","article_modified_time":"2024-07-15T13:31:49+00:00","og_image":[{"width":1200,"height":675,"url":"https:\/\/quartierdelapoya.ch\/wp-content\/uploads\/2024\/03\/POYA_SEO_img.jpg","type":"image\/jpeg"}],"twitter_card":"summary_large_image","twitter_misc":{"Gesch\u00e4tzte Lesezeit":"3\u00a0Minuten"},"schema":{"@context":"https:\/\/schema.org","@graph":[{"@type":"WebPage","@id":"https:\/\/quartierdelapoya.ch\/de\/morgen\/","url":"https:\/\/quartierdelapoya.ch\/de\/morgen\/","name":"Morgen &#8226; Staat Freiburg &#8226; Das Poya-Viertel","isPartOf":{"@id":"https:\/\/quartierdelapoya.ch\/#website"},"datePublished":"2024-02-19T08:33:07+00:00","dateModified":"2024-07-15T13:31:49+00:00","description":"Entdecken Sie die Ergebnisse der Partizipativer Prozess sowie die geplanten Projekte f\u00fcr die Zukunft des Poya-Viertels.","breadcrumb":{"@id":"https:\/\/quartierdelapoya.ch\/de\/morgen\/#breadcrumb"},"inLanguage":"de","potentialAction":[{"@type":"ReadAction","target":["https:\/\/quartierdelapoya.ch\/de\/morgen\/"]}]},{"@type":"BreadcrumbList","@id":"https:\/\/quartierdelapoya.ch\/de\/morgen\/#breadcrumb","itemListElement":[{"@type":"ListItem","position":1,"name":"Accueil","item":"https:\/\/quartierdelapoya.ch\/de\/"},{"@type":"ListItem","position":2,"name":"Morgen"}]},{"@type":"WebSite","@id":"https:\/\/quartierdelapoya.ch\/#website","url":"https:\/\/quartierdelapoya.ch\/","name":"Quartier de la Poya","description":"R\u00e9inventons ensemble la Poya!","publisher":{"@id":"https:\/\/quartierdelapoya.ch\/#organization"},"potentialAction":[{"@type":"SearchAction","target":{"@type":"EntryPoint","urlTemplate":"https:\/\/quartierdelapoya.ch\/?s={search_term_string}"},"query-input":{"@type":"PropertyValueSpecification","valueRequired":true,"valueName":"search_term_string"}}],"inLanguage":"de"},{"@type":"Organization","@id":"https:\/\/quartierdelapoya.ch\/#organization","name":"Quartier de la Poya","url":"https:\/\/quartierdelapoya.ch\/","logo":{"@type":"ImageObject","inLanguage":"de","@id":"https:\/\/quartierdelapoya.ch\/#\/schema\/logo\/image\/","url":"https:\/\/quartierdelapoya.ch\/wp-content\/uploads\/2024\/03\/LOGO_Etat-Fribourg.png","contentUrl":"https:\/\/quartierdelapoya.ch\/wp-content\/uploads\/2024\/03\/LOGO_Etat-Fribourg.png","width":696,"height":696,"caption":"Quartier de la Poya"},"image":{"@id":"https:\/\/quartierdelapoya.ch\/#\/schema\/logo\/image\/"}}]}},"_links":{"self":[{"href":"https:\/\/quartierdelapoya.ch\/de\/wp-json\/wp\/v2\/pages\/790","targetHints":{"allow":["GET"]}}],"collection":[{"href":"https:\/\/quartierdelapoya.ch\/de\/wp-json\/wp\/v2\/pages"}],"about":[{"href":"https:\/\/quartierdelapoya.ch\/de\/wp-json\/wp\/v2\/types\/page"}],"author":[{"embeddable":true,"href":"https:\/\/quartierdelapoya.ch\/de\/wp-json\/wp\/v2\/users\/2"}],"replies":[{"embeddable":true,"href":"https:\/\/quartierdelapoya.ch\/de\/wp-json\/wp\/v2\/comments?post=790"}],"version-history":[{"count":8,"href":"https:\/\/quartierdelapoya.ch\/de\/wp-json\/wp\/v2\/pages\/790\/revisions"}],"predecessor-version":[{"id":2440,"href":"https:\/\/quartierdelapoya.ch\/de\/wp-json\/wp\/v2\/pages\/790\/revisions\/2440"}],"wp:attachment":[{"href":"https:\/\/quartierdelapoya.ch\/de\/wp-json\/wp\/v2\/media?parent=790"}],"curies":[{"name":"wp","href":"https:\/\/api.w.org\/{rel}","templated":true}]}}