{"id":786,"date":"2024-02-16T11:02:50","date_gmt":"2024-02-16T11:02:50","guid":{"rendered":"https:\/\/quartierdelapoya.ch\/formulaire\/?page_id=786"},"modified":"2024-03-11T08:58:30","modified_gmt":"2024-03-11T08:58:30","slug":"gestern","status":"publish","type":"page","link":"https:\/\/quartierdelapoya.ch\/de\/gestern\/","title":{"rendered":"Gestern"},"content":{"rendered":"<div class=\"wpb-content-wrapper\"><p>[vc_row el_class=&#8220;pt-15 pb-30&#8243;][vc_column][vc_row_inner el_class=&#8220;introduction&#8220;][vc_column_inner][vc_single_image image=&#8220;198&#8243; img_size=&#8220;full&#8220; alignment=&#8220;center&#8220; el_class=&#8220;img-icone&#8220;][vc_column_text]<\/p>\n<h2 style=\"text-align: center;\">Die Geschichte des Poya-Viertels<\/h2>\n<p>[\/vc_column_text][\/vc_column_inner][\/vc_row_inner][\/vc_column][\/vc_row][vc_row full_width=&#8220;stretch_row_content&#8220; el_class=&#8220;pt-0 pb-0 background-gray no-before slider-container&#8220;][vc_column]<div class='slider'><div class='carousel-cell' style='background-image: url(https:\/\/quartierdelapoya.ch\/wp-content\/uploads\/2024\/02\/slider-ancien-1.jpg)'><\/div><div class='carousel-cell' style='background-image: url(https:\/\/quartierdelapoya.ch\/wp-content\/uploads\/2024\/02\/slider-historique-2.jpg)'><\/div><div class='carousel-cell' style='background-image: url(https:\/\/quartierdelapoya.ch\/wp-content\/uploads\/2024\/02\/slider-historique-3.jpg)'><\/div><\/div>[\/vc_column][\/vc_row][vc_row full_width=&#8220;stretch_row&#8220; el_class=&#8220;background-gray intro&#8220;][vc_column][vc_row_inner][vc_column_inner width=&#8220;3\/12&#8243;][\/vc_column_inner][vc_column_inner width=&#8220;6\/12&#8243;]<div class='separateur'><\/div>[vc_column_text]<\/p>\n<p style=\"text-align: center;\">Poya: Bevor dieses Wort aus dem Freiburger Dialekt den Almauftrieb der Herden bezeichnete, bedeutet es einen Aufstieg.<br \/>\nEin passender Begriff f\u00fcr dieses Fleckchen Erde an der Ausfahrt von Freiburg in Richtung Murten, denn um es zu erreichen, muss man einen ziemlich steilen Hang bew\u00e4ltigen!<\/p>\n<p style=\"text-align: center;\">Bevor wir mit Ihnen die Gegenwart und Zukunft von La\u00a0 Poya skizzieren, m\u00f6chten wir an die reiche Geschichte des Ortes erinnern.<\/p>\n<p>[\/vc_column_text][\/vc_column_inner][vc_column_inner width=&#8220;3\/12&#8243;][\/vc_column_inner][\/vc_row_inner][\/vc_column][\/vc_row][vc_row full_width=&#8220;stretch_row&#8220; el_class=&#8220;pt-60 historiques pb-80&#8243;][vc_column][vc_row_inner][vc_column_inner width=&#8220;5\/12&#8243;]<div class='historique  '><div class='historique--numero'>01<\/div><div class='historique--titre'>Vorgestern - ein Durchgangsort<\/div><div class='historique--texte'>La Poya war lange Zeit ein stark frequentierter Durchgangsort, sei es f\u00fcr die Armeen der Berner und Savoyer, die zwischen dem 12. und 15. Jahrhundert die Umgebung der Stadt verw\u00fcsteten,<br \/>\noder f\u00fcr H\u00e4ndler, die auf dem Weg waren, um ihre Waren auf den M\u00e4rkten in Freiburg zu verkaufen.<\/p>\n<p>Die Geschichte besagt, dass die Fischh\u00e4ndlerinnen ihre Waren im letzten Bach vor der Stadt wuschen und ihm so seinen Namen gaben: Lavapesson.<\/p>\n<p>Die 1862 gebaute Eisenbahnlinie markierte einen wichtigen Einschnitt und beschr\u00e4nkte das Poya-Gebiet auf einige wenige Parzellen mit bewirtschafteten Feldern, w\u00e4hrend sich die Stadt nach Westen hin ausdehnte.<\/div><\/div>[\/vc_column_inner][vc_column_inner width=&#8220;1\/12&#8243;][\/vc_column_inner][vc_column_inner width=&#8220;1\/12&#8243;][\/vc_column_inner][vc_column_inner width=&#8220;5\/12&#8243;]<div class='historique mt-215 '><div class='historique--numero'>02<\/div><div class='historique--titre'>Gestern - La Poya wird zur Kaserne<\/div><div class='historique--texte'>Kurz nach dem Zweiten Weltkrieg errichtete der Staat Freiburg die Poya-Kaserne, um dem wachsenden Bedarf der Schweizer Armee an Infrastruktur gerecht zu werden. Er w\u00e4hlte diesen Standort im Osten von Freiburg, da er besser geeignet war als die ehemalige Kaserne La Planche in der Unterstadt.<\/p>\n<p>Die erste Kaserne wurde zur Unterbringung der Soldaten gebaut, mit einem angrenzenden Pavillon f\u00fcr die Offiziere. Zwei Reparaturwerkst\u00e4tten und eine mechanische Werkstatt mit Geb\u00e4uden in traditionellen Formen und mit zweigeschossigen D\u00e4chern wurden hufeisenf\u00f6rmig um einen Innenhof herum angeordnet.<\/div><div class='historique--slider'><div class='carousel-cell'><img src='https:\/\/quartierdelapoya.ch\/wp-content\/uploads\/2024\/02\/historique-1.jpg' \/><\/div><div class='carousel-cell'><img src='https:\/\/quartierdelapoya.ch\/wp-content\/uploads\/2024\/02\/historique-2-2.jpg' \/><\/div><div class='carousel-cell'><img src='https:\/\/quartierdelapoya.ch\/wp-content\/uploads\/2024\/02\/historique-3-2.jpg' \/><\/div><div class='carousel-cell'><img src='https:\/\/quartierdelapoya.ch\/wp-content\/uploads\/2024\/02\/historique-4-1.jpg' \/><\/div><div class='carousel-cell'><img src='https:\/\/quartierdelapoya.ch\/wp-content\/uploads\/2024\/02\/historique-5.jpg' \/><\/div><\/div><\/div>[\/vc_column_inner][\/vc_row_inner][vc_row_inner][vc_column_inner width=&#8220;5\/12&#8243;]<div class='historique  mt--200'><div class='historique--numero'>03<\/div><div class='historique--titre'>Erg\u00e4nzungen und Anpassungen<\/div><div class='historique--texte'>Im Laufe der Jahre wurde La Poya mit einer zweiten Kaserne (1958) und einer Mehrzweckhalle (1970) an die Bed\u00fcrfnisse der Armee angepasst. All dies wurde in zwei Bauphasen zwischen 1984 und 1991 instandgesetzt und modernisiert, wobei 1991 ein letztes Geb\u00e4ude - das Kommandogeb\u00e4ude - hinzugef\u00fcgt wurde.<\/p>\n<p>Die Poya-Kaserne, ein Ort der Ausbildung und des Kommandos, hat die Schweizer Milit\u00e4rgeschichte im Laufe der Jahrzehnte gepr\u00e4gt. Sie zeugt von Schl\u00fcsselmomenten der Landesverteidigung.<\/div><div class='historique--slider'><div class='carousel-cell'><img src='https:\/\/quartierdelapoya.ch\/wp-content\/uploads\/2024\/02\/historique-6.jpg' \/><\/div><div class='carousel-cell'><img src='https:\/\/quartierdelapoya.ch\/wp-content\/uploads\/2024\/02\/historique-7.jpg' \/><\/div><div class='carousel-cell'><img src='https:\/\/quartierdelapoya.ch\/wp-content\/uploads\/2024\/02\/historique-8.jpg' \/><\/div><div class='carousel-cell'><img src='https:\/\/quartierdelapoya.ch\/wp-content\/uploads\/2024\/02\/historique-9.jpg' \/><\/div><\/div><\/div>[\/vc_column_inner][vc_column_inner width=&#8220;1\/12&#8243;][\/vc_column_inner][vc_column_inner width=&#8220;1\/12&#8243;][\/vc_column_inner][vc_column_inner width=&#8220;5\/12&#8243;][\/vc_column_inner][\/vc_row_inner][\/vc_column][\/vc_row][vc_row el_class=&#8220;pt-0&#8243;][vc_column][vc_row_inner el_class=&#8220;background-yellow historique-4&#8243;][vc_column_inner width=&#8220;1\/12&#8243;][\/vc_column_inner][vc_column_inner width=&#8220;5\/12&#8243;][vc_single_image image=&#8220;253&#8243; img_size=&#8220;full&#8220;][\/vc_column_inner][vc_column_inner width=&#8220;5\/12&#8243;]<div class='historique  '><div class='historique--numero'>04<\/div><div class='historique--titre'>Wie sieht es mit der l\u00e4ngerfristigen Zukunft aus? Alles kann noch erschaffen werden!<\/div><div class='historique--texte'>Nach \u00fcber 70 Jahren treuer Dienste in der Kaserne La Poya hat die Armee die Schl\u00fcssel des Gel\u00e4ndes 2023 an den Staat Freiburg zur\u00fcckgegeben. Die Zukunft dieses milit\u00e4rgeschichtstr\u00e4chtigen Ortes muss nun von uns allen entworfen werden! <\/div><\/div>[vc_column_text]<a class=\"button\" href=\"https:\/\/quartierdelapoya.ch\/de\/heute\/\">LA POYA HEUTE<\/a><\/p>\n<p><a class=\"button\" href=\"https:\/\/quartierdelapoya.ch\/de\/morgen\/\">LA POYA MORGEN<\/a>[\/vc_column_text][\/vc_column_inner][vc_column_inner width=&#8220;1\/12&#8243;][\/vc_column_inner][\/vc_row_inner][\/vc_column][\/vc_row]<\/p>\n<\/div>","protected":false},"excerpt":{"rendered":"<p>[vc_row el_class=&#8220;pt-15 pb-30&#8243;][vc_column][vc_row_inner el_class=&#8220;introduction&#8220;][vc_column_inner][vc_single_image image=&#8220;198&#8243; img_size=&#8220;full&#8220; alignment=&#8220;center&#8220; el_class=&#8220;img-icone&#8220;][vc_column_text] Die Geschichte des Poya-Viertels [\/vc_column_text][\/vc_column_inner][\/vc_row_inner][\/vc_column][\/vc_row][vc_row full_width=&#8220;stretch_row_content&#8220; el_class=&#8220;pt-0 pb-0 background-gray no-before slider-container&#8220;][vc_column][\/vc_column][\/vc_row][vc_row full_width=&#8220;stretch_row&#8220; el_class=&#8220;background-gray intro&#8220;][vc_column][vc_row_inner][vc_column_inner width=&#8220;3\/12&#8243;][\/vc_column_inner][vc_column_inner width=&#8220;6\/12&#8243;][vc_column_text] Poya: Bevor dieses Wort aus dem Freiburger Dialekt den Almauftrieb der Herden bezeichnete, bedeutet es einen Aufstieg. Ein passender Begriff f\u00fcr dieses Fleckchen Erde an der Ausfahrt von Freiburg in Richtung [&hellip;]<\/p>\n","protected":false},"author":2,"featured_media":0,"parent":0,"menu_order":1,"comment_status":"closed","ping_status":"closed","template":"","meta":{"_acf_changed":false,"footnotes":""},"class_list":["post-786","page","type-page","status-publish","hentry"],"acf":[],"yoast_head":"<!-- This site is optimized with the Yoast SEO plugin v24.3 - https:\/\/yoast.com\/wordpress\/plugins\/seo\/ -->\n<title>Gestern &#8226; Staat Freiburg &#8226; Das Poya-Viertel<\/title>\n<meta name=\"description\" content=\"Entdecken Sie die reiche Geschichte des Viertels La Poya, einem Ort der Milit\u00e4rgeschichte, der nun von uns allen neu erfunden werden muss!\" \/>\n<meta name=\"robots\" content=\"index, follow, max-snippet:-1, max-image-preview:large, max-video-preview:-1\" \/>\n<link rel=\"canonical\" href=\"https:\/\/quartierdelapoya.ch\/de\/gestern\/\" \/>\n<meta property=\"og:locale\" content=\"de_DE\" \/>\n<meta property=\"og:type\" content=\"article\" \/>\n<meta property=\"og:title\" content=\"Gestern &#8226; Staat Freiburg &#8226; Das Poya-Viertel\" \/>\n<meta property=\"og:description\" content=\"Entdecken Sie die reiche Geschichte des Viertels La Poya, einem Ort der Milit\u00e4rgeschichte, der nun von uns allen neu erfunden werden muss!\" \/>\n<meta property=\"og:url\" content=\"https:\/\/quartierdelapoya.ch\/de\/gestern\/\" \/>\n<meta property=\"og:site_name\" content=\"Quartier de la Poya\" \/>\n<meta property=\"article:modified_time\" content=\"2024-03-11T08:58:30+00:00\" \/>\n<meta property=\"og:image\" content=\"https:\/\/quartierdelapoya.ch\/wp-content\/uploads\/2024\/03\/POYA_SEO_img.jpg\" \/>\n\t<meta property=\"og:image:width\" content=\"1200\" \/>\n\t<meta property=\"og:image:height\" content=\"675\" \/>\n\t<meta property=\"og:image:type\" content=\"image\/jpeg\" \/>\n<meta name=\"twitter:card\" content=\"summary_large_image\" \/>\n<meta name=\"twitter:label1\" content=\"Gesch\u00e4tzte Lesezeit\" \/>\n\t<meta name=\"twitter:data1\" content=\"5\u00a0Minuten\" \/>\n<script type=\"application\/ld+json\" class=\"yoast-schema-graph\">{\"@context\":\"https:\/\/schema.org\",\"@graph\":[{\"@type\":\"WebPage\",\"@id\":\"https:\/\/quartierdelapoya.ch\/de\/gestern\/\",\"url\":\"https:\/\/quartierdelapoya.ch\/de\/gestern\/\",\"name\":\"Gestern &#8226; Staat Freiburg &#8226; Das Poya-Viertel\",\"isPartOf\":{\"@id\":\"https:\/\/quartierdelapoya.ch\/#website\"},\"datePublished\":\"2024-02-16T11:02:50+00:00\",\"dateModified\":\"2024-03-11T08:58:30+00:00\",\"description\":\"Entdecken Sie die reiche Geschichte des Viertels La Poya, einem Ort der Milit\u00e4rgeschichte, der nun von uns allen neu erfunden werden muss!\",\"breadcrumb\":{\"@id\":\"https:\/\/quartierdelapoya.ch\/de\/gestern\/#breadcrumb\"},\"inLanguage\":\"de\",\"potentialAction\":[{\"@type\":\"ReadAction\",\"target\":[\"https:\/\/quartierdelapoya.ch\/de\/gestern\/\"]}]},{\"@type\":\"BreadcrumbList\",\"@id\":\"https:\/\/quartierdelapoya.ch\/de\/gestern\/#breadcrumb\",\"itemListElement\":[{\"@type\":\"ListItem\",\"position\":1,\"name\":\"Accueil\",\"item\":\"https:\/\/quartierdelapoya.ch\/de\/\"},{\"@type\":\"ListItem\",\"position\":2,\"name\":\"Gestern\"}]},{\"@type\":\"WebSite\",\"@id\":\"https:\/\/quartierdelapoya.ch\/#website\",\"url\":\"https:\/\/quartierdelapoya.ch\/\",\"name\":\"Quartier de la Poya\",\"description\":\"R\u00e9inventons ensemble la Poya!\",\"publisher\":{\"@id\":\"https:\/\/quartierdelapoya.ch\/#organization\"},\"potentialAction\":[{\"@type\":\"SearchAction\",\"target\":{\"@type\":\"EntryPoint\",\"urlTemplate\":\"https:\/\/quartierdelapoya.ch\/?s={search_term_string}\"},\"query-input\":{\"@type\":\"PropertyValueSpecification\",\"valueRequired\":true,\"valueName\":\"search_term_string\"}}],\"inLanguage\":\"de\"},{\"@type\":\"Organization\",\"@id\":\"https:\/\/quartierdelapoya.ch\/#organization\",\"name\":\"Quartier de la Poya\",\"url\":\"https:\/\/quartierdelapoya.ch\/\",\"logo\":{\"@type\":\"ImageObject\",\"inLanguage\":\"de\",\"@id\":\"https:\/\/quartierdelapoya.ch\/#\/schema\/logo\/image\/\",\"url\":\"https:\/\/quartierdelapoya.ch\/wp-content\/uploads\/2024\/03\/LOGO_Etat-Fribourg.png\",\"contentUrl\":\"https:\/\/quartierdelapoya.ch\/wp-content\/uploads\/2024\/03\/LOGO_Etat-Fribourg.png\",\"width\":696,\"height\":696,\"caption\":\"Quartier de la Poya\"},\"image\":{\"@id\":\"https:\/\/quartierdelapoya.ch\/#\/schema\/logo\/image\/\"}}]}<\/script>\n<!-- \/ Yoast SEO plugin. -->","yoast_head_json":{"title":"Gestern &#8226; Staat Freiburg &#8226; Das Poya-Viertel","description":"Entdecken Sie die reiche Geschichte des Viertels La Poya, einem Ort der Milit\u00e4rgeschichte, der nun von uns allen neu erfunden werden muss!","robots":{"index":"index","follow":"follow","max-snippet":"max-snippet:-1","max-image-preview":"max-image-preview:large","max-video-preview":"max-video-preview:-1"},"canonical":"https:\/\/quartierdelapoya.ch\/de\/gestern\/","og_locale":"de_DE","og_type":"article","og_title":"Gestern &#8226; Staat Freiburg &#8226; Das Poya-Viertel","og_description":"Entdecken Sie die reiche Geschichte des Viertels La Poya, einem Ort der Milit\u00e4rgeschichte, der nun von uns allen neu erfunden werden muss!","og_url":"https:\/\/quartierdelapoya.ch\/de\/gestern\/","og_site_name":"Quartier de la Poya","article_modified_time":"2024-03-11T08:58:30+00:00","og_image":[{"width":1200,"height":675,"url":"https:\/\/quartierdelapoya.ch\/wp-content\/uploads\/2024\/03\/POYA_SEO_img.jpg","type":"image\/jpeg"}],"twitter_card":"summary_large_image","twitter_misc":{"Gesch\u00e4tzte Lesezeit":"5\u00a0Minuten"},"schema":{"@context":"https:\/\/schema.org","@graph":[{"@type":"WebPage","@id":"https:\/\/quartierdelapoya.ch\/de\/gestern\/","url":"https:\/\/quartierdelapoya.ch\/de\/gestern\/","name":"Gestern &#8226; Staat Freiburg &#8226; Das Poya-Viertel","isPartOf":{"@id":"https:\/\/quartierdelapoya.ch\/#website"},"datePublished":"2024-02-16T11:02:50+00:00","dateModified":"2024-03-11T08:58:30+00:00","description":"Entdecken Sie die reiche Geschichte des Viertels La Poya, einem Ort der Milit\u00e4rgeschichte, der nun von uns allen neu erfunden werden muss!","breadcrumb":{"@id":"https:\/\/quartierdelapoya.ch\/de\/gestern\/#breadcrumb"},"inLanguage":"de","potentialAction":[{"@type":"ReadAction","target":["https:\/\/quartierdelapoya.ch\/de\/gestern\/"]}]},{"@type":"BreadcrumbList","@id":"https:\/\/quartierdelapoya.ch\/de\/gestern\/#breadcrumb","itemListElement":[{"@type":"ListItem","position":1,"name":"Accueil","item":"https:\/\/quartierdelapoya.ch\/de\/"},{"@type":"ListItem","position":2,"name":"Gestern"}]},{"@type":"WebSite","@id":"https:\/\/quartierdelapoya.ch\/#website","url":"https:\/\/quartierdelapoya.ch\/","name":"Quartier de la Poya","description":"R\u00e9inventons ensemble la Poya!","publisher":{"@id":"https:\/\/quartierdelapoya.ch\/#organization"},"potentialAction":[{"@type":"SearchAction","target":{"@type":"EntryPoint","urlTemplate":"https:\/\/quartierdelapoya.ch\/?s={search_term_string}"},"query-input":{"@type":"PropertyValueSpecification","valueRequired":true,"valueName":"search_term_string"}}],"inLanguage":"de"},{"@type":"Organization","@id":"https:\/\/quartierdelapoya.ch\/#organization","name":"Quartier de la Poya","url":"https:\/\/quartierdelapoya.ch\/","logo":{"@type":"ImageObject","inLanguage":"de","@id":"https:\/\/quartierdelapoya.ch\/#\/schema\/logo\/image\/","url":"https:\/\/quartierdelapoya.ch\/wp-content\/uploads\/2024\/03\/LOGO_Etat-Fribourg.png","contentUrl":"https:\/\/quartierdelapoya.ch\/wp-content\/uploads\/2024\/03\/LOGO_Etat-Fribourg.png","width":696,"height":696,"caption":"Quartier de la Poya"},"image":{"@id":"https:\/\/quartierdelapoya.ch\/#\/schema\/logo\/image\/"}}]}},"_links":{"self":[{"href":"https:\/\/quartierdelapoya.ch\/de\/wp-json\/wp\/v2\/pages\/786","targetHints":{"allow":["GET"]}}],"collection":[{"href":"https:\/\/quartierdelapoya.ch\/de\/wp-json\/wp\/v2\/pages"}],"about":[{"href":"https:\/\/quartierdelapoya.ch\/de\/wp-json\/wp\/v2\/types\/page"}],"author":[{"embeddable":true,"href":"https:\/\/quartierdelapoya.ch\/de\/wp-json\/wp\/v2\/users\/2"}],"replies":[{"embeddable":true,"href":"https:\/\/quartierdelapoya.ch\/de\/wp-json\/wp\/v2\/comments?post=786"}],"version-history":[{"count":7,"href":"https:\/\/quartierdelapoya.ch\/de\/wp-json\/wp\/v2\/pages\/786\/revisions"}],"predecessor-version":[{"id":2380,"href":"https:\/\/quartierdelapoya.ch\/de\/wp-json\/wp\/v2\/pages\/786\/revisions\/2380"}],"wp:attachment":[{"href":"https:\/\/quartierdelapoya.ch\/de\/wp-json\/wp\/v2\/media?parent=786"}],"curies":[{"name":"wp","href":"https:\/\/api.w.org\/{rel}","templated":true}]}}